{"id":2,"date":"2017-10-19T08:18:57","date_gmt":"2017-10-19T08:18:57","guid":{"rendered":"http:\/\/translangedu.hu\/?page_id=2"},"modified":"2023-01-06T07:29:56","modified_gmt":"2023-01-06T07:29:56","slug":"ez-egy-minta-oldal","status":"publish","type":"page","link":"http:\/\/translangedu.hu\/en\/","title":{"rendered":"A Pedagogy of Translingual Communication in Tiszavasv\u00e1ri, Hungary"},"content":{"rendered":"<p><img loading=\"lazy\" class=\"alignleft size-thumbnail wp-image-670\" src=\"http:\/\/translangedu.hu\/wp-content\/uploads\/2017\/10\/ButtonsPrizeWinner2018-150x150.png\" alt=\"\" width=\"150\" height=\"150\" srcset=\"http:\/\/translangedu.hu\/wp-content\/uploads\/2017\/10\/ButtonsPrizeWinner2018-150x150.png 150w, http:\/\/translangedu.hu\/wp-content\/uploads\/2017\/10\/ButtonsPrizeWinner2018-300x300.png 300w, http:\/\/translangedu.hu\/wp-content\/uploads\/2017\/10\/ButtonsPrizeWinner2018-768x768.png 768w, http:\/\/translangedu.hu\/wp-content\/uploads\/2017\/10\/ButtonsPrizeWinner2018-1024x1024.png 1024w, http:\/\/translangedu.hu\/wp-content\/uploads\/2017\/10\/ButtonsPrizeWinner2018-100x100.png 100w, http:\/\/translangedu.hu\/wp-content\/uploads\/2017\/10\/ButtonsPrizeWinner2018.png 1181w\" sizes=\"(max-width: 150px) 100vw, 150px\" \/><\/p>\n<p>Our Project is awarded by SozialMarie\u00a0 (prize for social innovation). We received the award on 1st May 2018 in Vienna. Thank you!<\/p>\n<p>&nbsp;<\/p>\n<p>&nbsp;<\/p>\n<p><img loading=\"lazy\" class=\"alignleft size-thumbnail wp-image-99\" src=\"http:\/\/translangedu.hu\/wp-content\/uploads\/2017\/10\/22046876_372598833171782_1901670092538381106_n-150x150.jpg\" alt=\"\" width=\"150\" height=\"150\" srcset=\"http:\/\/translangedu.hu\/wp-content\/uploads\/2017\/10\/22046876_372598833171782_1901670092538381106_n-150x150.jpg 150w, http:\/\/translangedu.hu\/wp-content\/uploads\/2017\/10\/22046876_372598833171782_1901670092538381106_n-100x100.jpg 100w\" sizes=\"(max-width: 150px) 100vw, 150px\" \/>Our research team, located in Hungary at the K\u00e1roli G\u00e1sp\u00e1r University of the Reformed Church in the Department of Hungarian Linguistics, undertakes a multi-sited ethnolinguistic research in Tiszavasv\u00e1ri, in the north-eastern part of Hungary, among members of a group identified in local discourses as Vlah Roma. From the school year 2016\/2017 we have observed classes at the Tiszavasv\u00e1ri Elementary School of the Magiszter Foundation, where most children from the community in question are taught. We also conduct interviews and participant observation in the community.<\/p>\n<p>In Autumn 2017, the collaborative Translanguaging Workshop of Tiszavasv\u00e1ri was created jointly by our department and the headmaster, teachers, and members of staff at the school. Theories of translanguaging (Garc\u00eda 2009) emphasize the linguistic repertoire and a holistic approach to communication (Gorter-Cenoz 2017) instead of the description of several languages, varieties, and code-switching between them. The major thrust of translanguaging research is to describe how speakers use the linguistic resources available to them in their social interactions. Building on approaches which focus on the relationship between translanguaging and linguistic practices in schools (Garc\u00eda-Kleyn 2016, Garc\u00eda et al 2017, Paulsrud et al 2017), our project explores the possibilities of integrating children\u2019s Romani-language resources in a Hungarian-monolingual primary school setting and curriculum. Our approach challenges the tradition which associates school with monolingual and standardized ways of speaking. In the experimental pedagogical framework we have designed, ways of speaking associated with the children\u2019s home are brought into the school setting as integrated parts of classes in a variety of subjects, regardless of the fact that these subjects are traditionally delivered only in the standardised form of any languages. This approach, therefore, provides the feeling of homeliness and continuity in a setting away from home, which leads to a greater sense of safety on the part of the children, and allows for a more layered and varied form of communication.<\/p>\n<p>References<br \/>\nGorter, Durk \u2013 Cenoz, Jasone 2017. Language education policy and multilingual assessment. In: Language and Education 31. 231-248.<\/p>\n<p>Garc\u00eda, Ofelia 2009. Education, Multilingualism and Translanguaging in the 21. Century. In: Skutnabb-Kangas, Tove et al. (ed.): Social Justice through Multilingual Education. Multilingual Matters, Cromwell. 140-158.<\/p>\n<p>Paulsrud, BethAnne \u2013 Ros\u00e9n, Jenny \u2013 Straszer, Bogl\u00e1rka \u2013 Wedin, \u00c5sa 2017. New Perspectives on Translanguaging and Education. Bilingual Education and Bilingualism 108. Multilingual Matters, Bristol.<\/p>\n<p>Garc\u00eda, Ofelia \u2013 Kleyn, Tatyana 2016. Translanguaging with Multilingual Students: Learning<\/p>\n<p>Garc\u00eda, Ofelia \u2013 Johnson, Susana Ibarra \u2013 Seltzer, Kate 2017. The translanguaging Classroom. Leveraging Students Bilingualism for Learning. Caslon, Philadelphia.<\/p>\n","protected":false},"excerpt":{"rendered":"<p>Our Project is awarded by SozialMarie\u00a0 (prize for social innovation). We received the award on 1st May 2018 in Vienna. Thank you! &nbsp; &nbsp; Our research team, located in Hungary at the K\u00e1roli G\u00e1sp\u00e1r University of the Reformed Church in the Department of Hungarian Linguistics, undertakes a multi-sited ethnolinguistic research in Tiszavasv\u00e1ri, in the north-eastern &hellip; <\/p>\n<p class=\"link-more\"><a href=\"http:\/\/translangedu.hu\/en\/\" class=\"more-link\">Continue reading<span class=\"screen-reader-text\"> &#8220;A Pedagogy of Translingual Communication in Tiszavasv\u00e1ri, Hungary&#8221;<\/span><\/a><\/p>\n","protected":false},"author":1,"featured_media":0,"parent":0,"menu_order":0,"comment_status":"closed","ping_status":"open","template":"","meta":[],"translation":{"provider":"WPGlobus","version":"2.6.5","language":"en","enabled_languages":["hu","en"],"languages":{"hu":{"title":true,"content":true,"excerpt":false},"en":{"title":true,"content":true,"excerpt":false}}},"_links":{"self":[{"href":"http:\/\/translangedu.hu\/en\/wp-json\/wp\/v2\/pages\/2"}],"collection":[{"href":"http:\/\/translangedu.hu\/en\/wp-json\/wp\/v2\/pages"}],"about":[{"href":"http:\/\/translangedu.hu\/en\/wp-json\/wp\/v2\/types\/page"}],"author":[{"embeddable":true,"href":"http:\/\/translangedu.hu\/en\/wp-json\/wp\/v2\/users\/1"}],"replies":[{"embeddable":true,"href":"http:\/\/translangedu.hu\/en\/wp-json\/wp\/v2\/comments?post=2"}],"version-history":[{"count":31,"href":"http:\/\/translangedu.hu\/en\/wp-json\/wp\/v2\/pages\/2\/revisions"}],"predecessor-version":[{"id":1139,"href":"http:\/\/translangedu.hu\/en\/wp-json\/wp\/v2\/pages\/2\/revisions\/1139"}],"wp:attachment":[{"href":"http:\/\/translangedu.hu\/en\/wp-json\/wp\/v2\/media?parent=2"}],"curies":[{"name":"wp","href":"https:\/\/api.w.org\/{rel}","templated":true}]}}