{"id":214,"date":"2017-10-26T20:04:37","date_gmt":"2017-10-26T20:04:37","guid":{"rendered":"http:\/\/translangedu.hu\/?page_id=214"},"modified":"2023-01-21T08:07:57","modified_gmt":"2023-01-21T08:07:57","slug":"prezentaciok","status":"publish","type":"page","link":"http:\/\/translangedu.hu\/en\/forrasok-2\/prezentaciok\/","title":{"rendered":"Presentations"},"content":{"rendered":"<p><strong>Multilingual and Multicultural Learning: Policies and Practices. Charles University, Prague, Czech Republic. 14-15 December 2019.<\/strong> Heltai J\u00e1nos Imre: <a href=\"http:\/\/translangedu.hu\/wp-content\/uploads\/2017\/10\/Heltai_Prague_2019_fix_und_fertig.pptx\">Translanguaging as a rhizomatic multiplicity.<\/a><\/p>\n<p><strong>Multilingual Theories and Practices 2019: Ionian University, 9-10 May 2019, Kerkyra, Corfu.<\/strong> Heltai J\u00e1nos Imre: <a href=\"http:\/\/translangedu.hu\/wp-content\/uploads\/2017\/10\/Corfu_MLTP_Heltai_2019_vegleges.pptx\">Translanguaging as <\/a>safeguard for minority ways of speaking.<\/p>\n<p>Jani-Demetriou Bernadett: <a href=\"http:\/\/translangedu.hu\/wp-content\/uploads\/2017\/10\/Jani-Demetriou-Bernadett-honlapra-video-n\u00e9lk\u00fcl.pptx\"><em>&#8220;We cannot step forward unless we manage to understand each other.&#8221;Heteroglossia and Academic Achievement.<\/em> <\/a>Presentation at the <strong>2. international conference on sociolinguistics: <\/strong><strong>Insights from Superdiversity, Complexity and Multimodality. 6-8 September 2018, E\u00f6tv\u00f6s Lor\u00e1nd University, Budapest<\/strong>.<\/p>\n<p>J\u00e1nos Imre Heltai: <a href=\"http:\/\/translangedu.hu\/wp-content\/uploads\/2017\/10\/The-Pedagogy-of-Translingual-Communication.pdf\">The Pedagogy of Translingual Communication<\/a>. Presentation at the <strong>16th International Conference on Minority Languages Jyv\u00e4skyl\u00e4 and N\u00e4rpes, August 28-30, 2017<\/strong><\/p>\n","protected":false},"excerpt":{"rendered":"<p>Multilingual and Multicultural Learning: Policies and Practices. Charles University, Prague, Czech Republic. 14-15 December 2019. Heltai J\u00e1nos Imre: Translanguaging as a rhizomatic multiplicity. Multilingual Theories and Practices 2019: Ionian University, 9-10 May 2019, Kerkyra, Corfu. Heltai J\u00e1nos Imre: Translanguaging as safeguard for minority ways of speaking. Jani-Demetriou Bernadett: &#8220;We cannot step forward unless we manage &hellip; <\/p>\n<p class=\"link-more\"><a href=\"http:\/\/translangedu.hu\/en\/forrasok-2\/prezentaciok\/\" class=\"more-link\">Continue reading<span class=\"screen-reader-text\"> &#8220;Presentations&#8221;<\/span><\/a><\/p>\n","protected":false},"author":1,"featured_media":0,"parent":86,"menu_order":0,"comment_status":"closed","ping_status":"closed","template":"","meta":[],"translation":{"provider":"WPGlobus","version":"2.6.5","language":"en","enabled_languages":["hu","en"],"languages":{"hu":{"title":true,"content":true,"excerpt":false},"en":{"title":true,"content":true,"excerpt":false}}},"_links":{"self":[{"href":"http:\/\/translangedu.hu\/en\/wp-json\/wp\/v2\/pages\/214"}],"collection":[{"href":"http:\/\/translangedu.hu\/en\/wp-json\/wp\/v2\/pages"}],"about":[{"href":"http:\/\/translangedu.hu\/en\/wp-json\/wp\/v2\/types\/page"}],"author":[{"embeddable":true,"href":"http:\/\/translangedu.hu\/en\/wp-json\/wp\/v2\/users\/1"}],"replies":[{"embeddable":true,"href":"http:\/\/translangedu.hu\/en\/wp-json\/wp\/v2\/comments?post=214"}],"version-history":[{"count":44,"href":"http:\/\/translangedu.hu\/en\/wp-json\/wp\/v2\/pages\/214\/revisions"}],"predecessor-version":[{"id":1191,"href":"http:\/\/translangedu.hu\/en\/wp-json\/wp\/v2\/pages\/214\/revisions\/1191"}],"up":[{"embeddable":true,"href":"http:\/\/translangedu.hu\/en\/wp-json\/wp\/v2\/pages\/86"}],"wp:attachment":[{"href":"http:\/\/translangedu.hu\/en\/wp-json\/wp\/v2\/media?parent=214"}],"curies":[{"name":"wp","href":"https:\/\/api.w.org\/{rel}","templated":true}]}}