{"id":34,"date":"2017-10-20T14:52:37","date_gmt":"2017-10-20T14:52:37","guid":{"rendered":"http:\/\/translangedu.hu\/?page_id=34"},"modified":"2017-11-27T11:47:22","modified_gmt":"2017-11-27T11:47:22","slug":"forrasok","status":"publish","type":"page","link":"http:\/\/translangedu.hu\/en\/forrasok\/","title":{"rendered":"Contacts"},"content":{"rendered":"<p><img loading=\"lazy\" class=\"alignleft size-thumbnail wp-image-60\" src=\"http:\/\/translangedu.hu\/wp-content\/uploads\/2017\/10\/IMG_20140609_191114-1-150x150.jpg\" alt=\"\" width=\"150\" height=\"150\" srcset=\"http:\/\/translangedu.hu\/wp-content\/uploads\/2017\/10\/IMG_20140609_191114-1-150x150.jpg 150w, http:\/\/translangedu.hu\/wp-content\/uploads\/2017\/10\/IMG_20140609_191114-1-100x100.jpg 100w\" sizes=\"(max-width: 150px) 100vw, 150px\" \/>J\u00e1nos Imre Heltai<\/p>\n<p>K\u00e1roli G\u00e1sp\u00e1r University of the Reformed Church in Hungary, assistant professor<\/p>\n<p>heltai.janos@kre.hu<\/p>\n<p><img loading=\"lazy\" class=\"alignleft size-thumbnail wp-image-346\" src=\"http:\/\/translangedu.hu\/wp-content\/uploads\/2017\/10\/20171113_172359-e1511163900408-150x150.jpg\" alt=\"\" width=\"150\" height=\"150\" srcset=\"http:\/\/translangedu.hu\/wp-content\/uploads\/2017\/10\/20171113_172359-e1511163900408-150x150.jpg 150w, http:\/\/translangedu.hu\/wp-content\/uploads\/2017\/10\/20171113_172359-e1511163900408-100x100.jpg 100w\" sizes=\"(max-width: 150px) 100vw, 150px\" \/>Erika Kerekesn\u00e9 L\u00e9vai<\/p>\n<p>Magiszter Foundation, director general, Magiszter Elementary School in Tiszavasv\u00e1ri, headmaster<\/p>\n<p>kerlevis2@gmail.com<\/p>\n","protected":false},"excerpt":{"rendered":"<p>J\u00e1nos Imre Heltai K\u00e1roli G\u00e1sp\u00e1r University of the Reformed Church in Hungary, assistant professor heltai.janos@kre.hu Erika Kerekesn\u00e9 L\u00e9vai Magiszter Foundation, director general, Magiszter Elementary School in Tiszavasv\u00e1ri, headmaster kerlevis2@gmail.com<\/p>\n","protected":false},"author":1,"featured_media":0,"parent":0,"menu_order":0,"comment_status":"closed","ping_status":"closed","template":"","meta":[],"translation":{"provider":"WPGlobus","version":"2.6.5","language":"en","enabled_languages":["hu","en"],"languages":{"hu":{"title":true,"content":true,"excerpt":false},"en":{"title":true,"content":true,"excerpt":false}}},"_links":{"self":[{"href":"http:\/\/translangedu.hu\/en\/wp-json\/wp\/v2\/pages\/34"}],"collection":[{"href":"http:\/\/translangedu.hu\/en\/wp-json\/wp\/v2\/pages"}],"about":[{"href":"http:\/\/translangedu.hu\/en\/wp-json\/wp\/v2\/types\/page"}],"author":[{"embeddable":true,"href":"http:\/\/translangedu.hu\/en\/wp-json\/wp\/v2\/users\/1"}],"replies":[{"embeddable":true,"href":"http:\/\/translangedu.hu\/en\/wp-json\/wp\/v2\/comments?post=34"}],"version-history":[{"count":10,"href":"http:\/\/translangedu.hu\/en\/wp-json\/wp\/v2\/pages\/34\/revisions"}],"predecessor-version":[{"id":549,"href":"http:\/\/translangedu.hu\/en\/wp-json\/wp\/v2\/pages\/34\/revisions\/549"}],"wp:attachment":[{"href":"http:\/\/translangedu.hu\/en\/wp-json\/wp\/v2\/media?parent=34"}],"curies":[{"name":"wp","href":"https:\/\/api.w.org\/{rel}","templated":true}]}}