{"id":717,"date":"2018-07-10T17:02:18","date_gmt":"2018-07-10T17:02:18","guid":{"rendered":"http:\/\/translangedu.hu\/?page_id=717"},"modified":"2018-07-10T17:11:56","modified_gmt":"2018-07-10T17:11:56","slug":"szovegkonyv","status":"publish","type":"page","link":"http:\/\/translangedu.hu\/en\/szovegkonyv\/","title":{"rendered":"Playscript"},"content":{"rendered":"<p><a href=\"http:\/\/translangedu.hu\/wp-content\/uploads\/2018\/07\/Po_szako_tet\u0151vo_saj_dikhen_o_kham_minden_tet\u0151r\u0151l_l\u00e1tni_a_napot.docx\">Po szako tet\u0151vo saj dikhen o kham<\/a><\/p>\n","protected":false},"excerpt":{"rendered":"<p>Po szako tet\u0151vo saj dikhen o kham<\/p>\n","protected":false},"author":1,"featured_media":0,"parent":0,"menu_order":0,"comment_status":"closed","ping_status":"closed","template":"","meta":[],"translation":{"provider":"WPGlobus","version":"2.6.5","language":"en","enabled_languages":["hu","en"],"languages":{"hu":{"title":true,"content":true,"excerpt":false},"en":{"title":true,"content":true,"excerpt":false}}},"_links":{"self":[{"href":"http:\/\/translangedu.hu\/en\/wp-json\/wp\/v2\/pages\/717"}],"collection":[{"href":"http:\/\/translangedu.hu\/en\/wp-json\/wp\/v2\/pages"}],"about":[{"href":"http:\/\/translangedu.hu\/en\/wp-json\/wp\/v2\/types\/page"}],"author":[{"embeddable":true,"href":"http:\/\/translangedu.hu\/en\/wp-json\/wp\/v2\/users\/1"}],"replies":[{"embeddable":true,"href":"http:\/\/translangedu.hu\/en\/wp-json\/wp\/v2\/comments?post=717"}],"version-history":[{"count":5,"href":"http:\/\/translangedu.hu\/en\/wp-json\/wp\/v2\/pages\/717\/revisions"}],"predecessor-version":[{"id":730,"href":"http:\/\/translangedu.hu\/en\/wp-json\/wp\/v2\/pages\/717\/revisions\/730"}],"wp:attachment":[{"href":"http:\/\/translangedu.hu\/en\/wp-json\/wp\/v2\/media?parent=717"}],"curies":[{"name":"wp","href":"https:\/\/api.w.org\/{rel}","templated":true}]}}