{"id":720,"date":"2018-07-10T17:02:44","date_gmt":"2018-07-10T17:02:44","guid":{"rendered":"http:\/\/translangedu.hu\/?page_id=720"},"modified":"2018-10-05T13:50:42","modified_gmt":"2018-10-05T13:50:42","slug":"tevekenysegek","status":"publish","type":"page","link":"http:\/\/translangedu.hu\/en\/tevekenysegek\/","title":{"rendered":"Activities"},"content":{"rendered":"<figure id=\"attachment_734\" aria-describedby=\"caption-attachment-734\" style=\"width: 525px\" class=\"wp-caption alignleft\"><img loading=\"lazy\" class=\"size-large wp-image-734\" src=\"http:\/\/translangedu.hu\/wp-content\/uploads\/2018\/07\/sz\u00f6vegk\u00f6nyv_k\u00e9sz\u00fcl-1024x512.jpg\" alt=\"\" width=\"525\" height=\"263\" srcset=\"http:\/\/translangedu.hu\/wp-content\/uploads\/2018\/07\/sz\u00f6vegk\u00f6nyv_k\u00e9sz\u00fcl-1024x512.jpg 1024w, http:\/\/translangedu.hu\/wp-content\/uploads\/2018\/07\/sz\u00f6vegk\u00f6nyv_k\u00e9sz\u00fcl-300x150.jpg 300w, http:\/\/translangedu.hu\/wp-content\/uploads\/2018\/07\/sz\u00f6vegk\u00f6nyv_k\u00e9sz\u00fcl-768x384.jpg 768w\" sizes=\"(max-width: 525px) 100vw, 525px\" \/><figcaption id=\"caption-attachment-734\" class=\"wp-caption-text\">A gyerekek \u00edrt\u00e1k meg a t\u00f6rt\u00e9net egyes jeleneteit<\/figcaption><\/figure>\n<figure id=\"attachment_736\" aria-describedby=\"caption-attachment-736\" style=\"width: 960px\" class=\"wp-caption alignleft\"><img loading=\"lazy\" class=\"size-full wp-image-736\" src=\"http:\/\/translangedu.hu\/wp-content\/uploads\/2018\/07\/H\u00e1tt\u00e9r_2_sz\u00edn.jpg\" alt=\"\" width=\"960\" height=\"720\" srcset=\"http:\/\/translangedu.hu\/wp-content\/uploads\/2018\/07\/H\u00e1tt\u00e9r_2_sz\u00edn.jpg 960w, http:\/\/translangedu.hu\/wp-content\/uploads\/2018\/07\/H\u00e1tt\u00e9r_2_sz\u00edn-300x225.jpg 300w, http:\/\/translangedu.hu\/wp-content\/uploads\/2018\/07\/H\u00e1tt\u00e9r_2_sz\u00edn-768x576.jpg 768w\" sizes=\"(max-width: 767px) 89vw, (max-width: 1000px) 54vw, (max-width: 1071px) 543px, 580px\" \/><figcaption id=\"caption-attachment-736\" class=\"wp-caption-text\">Egy\u00fctt festett\u00fck meg a m\u00e1sodik sz\u00edn h\u00e1tter\u00e9t is<\/figcaption><\/figure>\n<figure id=\"attachment_735\" aria-describedby=\"caption-attachment-735\" style=\"width: 525px\" class=\"wp-caption alignleft\"><img loading=\"lazy\" class=\"size-large wp-image-735\" src=\"http:\/\/translangedu.hu\/wp-content\/uploads\/2018\/07\/H\u00e1tt\u00e9r_k\u00e9sz\u00fcl_3_sz\u00edn-1024x614.jpg\" alt=\"\" width=\"525\" height=\"315\" srcset=\"http:\/\/translangedu.hu\/wp-content\/uploads\/2018\/07\/H\u00e1tt\u00e9r_k\u00e9sz\u00fcl_3_sz\u00edn-1024x614.jpg 1024w, http:\/\/translangedu.hu\/wp-content\/uploads\/2018\/07\/H\u00e1tt\u00e9r_k\u00e9sz\u00fcl_3_sz\u00edn-300x180.jpg 300w, http:\/\/translangedu.hu\/wp-content\/uploads\/2018\/07\/H\u00e1tt\u00e9r_k\u00e9sz\u00fcl_3_sz\u00edn-768x461.jpg 768w, http:\/\/translangedu.hu\/wp-content\/uploads\/2018\/07\/H\u00e1tt\u00e9r_k\u00e9sz\u00fcl_3_sz\u00edn.jpg 1920w\" sizes=\"(max-width: 525px) 100vw, 525px\" \/><figcaption id=\"caption-attachment-735\" class=\"wp-caption-text\">K\u00e9sz\u00fcl a harmadik sz\u00edn h\u00e1ttere is<\/figcaption><\/figure>\n<figure id=\"attachment_733\" aria-describedby=\"caption-attachment-733\" style=\"width: 525px\" class=\"wp-caption alignleft\"><img loading=\"lazy\" class=\"size-large wp-image-733\" src=\"http:\/\/translangedu.hu\/wp-content\/uploads\/2018\/07\/slam_poetry-1024x512.jpg\" alt=\"\" width=\"525\" height=\"263\" srcset=\"http:\/\/translangedu.hu\/wp-content\/uploads\/2018\/07\/slam_poetry-1024x512.jpg 1024w, http:\/\/translangedu.hu\/wp-content\/uploads\/2018\/07\/slam_poetry-300x150.jpg 300w, http:\/\/translangedu.hu\/wp-content\/uploads\/2018\/07\/slam_poetry-768x384.jpg 768w\" sizes=\"(max-width: 525px) 100vw, 525px\" \/><figcaption id=\"caption-attachment-733\" class=\"wp-caption-text\">\u00c9s m\u00e9g slam poetry-t is \u00edrunk.<\/figcaption><\/figure>\n<p>&nbsp;<\/p>\n<p>&nbsp;<\/p>\n<p>&nbsp;<\/p>\n<p>&nbsp;<\/p>\n<p>&nbsp;<\/p>\n<p>&nbsp;<\/p>\n<p>&nbsp;<\/p>\n<p>&nbsp;<\/p>\n<p>&nbsp;<\/p>\n<p>&nbsp;<\/p>\n<p>&nbsp;<\/p>\n<p>&nbsp;<\/p>\n<p>&nbsp;<\/p>\n<p>&nbsp;<\/p>\n<p>&nbsp;<\/p>\n<p>&nbsp;<\/p>\n","protected":false},"excerpt":{"rendered":"<p>&nbsp; &nbsp; &nbsp; &nbsp; &nbsp; &nbsp; &nbsp; &nbsp; &nbsp; &nbsp; &nbsp; &nbsp; &nbsp; &nbsp; &nbsp; &nbsp;<\/p>\n","protected":false},"author":1,"featured_media":778,"parent":0,"menu_order":0,"comment_status":"closed","ping_status":"closed","template":"","meta":[],"translation":{"provider":"WPGlobus","version":"2.6.5","language":"en","enabled_languages":["hu","en"],"languages":{"hu":{"title":true,"content":true,"excerpt":false},"en":{"title":true,"content":true,"excerpt":false}}},"_links":{"self":[{"href":"http:\/\/translangedu.hu\/en\/wp-json\/wp\/v2\/pages\/720"}],"collection":[{"href":"http:\/\/translangedu.hu\/en\/wp-json\/wp\/v2\/pages"}],"about":[{"href":"http:\/\/translangedu.hu\/en\/wp-json\/wp\/v2\/types\/page"}],"author":[{"embeddable":true,"href":"http:\/\/translangedu.hu\/en\/wp-json\/wp\/v2\/users\/1"}],"replies":[{"embeddable":true,"href":"http:\/\/translangedu.hu\/en\/wp-json\/wp\/v2\/comments?post=720"}],"version-history":[{"count":8,"href":"http:\/\/translangedu.hu\/en\/wp-json\/wp\/v2\/pages\/720\/revisions"}],"predecessor-version":[{"id":760,"href":"http:\/\/translangedu.hu\/en\/wp-json\/wp\/v2\/pages\/720\/revisions\/760"}],"wp:featuredmedia":[{"embeddable":true,"href":"http:\/\/translangedu.hu\/en\/wp-json\/wp\/v2\/media\/778"}],"wp:attachment":[{"href":"http:\/\/translangedu.hu\/en\/wp-json\/wp\/v2\/media?parent=720"}],"curies":[{"name":"wp","href":"https:\/\/api.w.org\/{rel}","templated":true}]}}