{"id":504,"date":"2017-11-20T18:42:04","date_gmt":"2017-11-20T18:42:04","guid":{"rendered":"http:\/\/translangedu.hu\/?page_id=504"},"modified":"2019-10-24T06:22:55","modified_gmt":"2019-10-24T06:22:55","slug":"oravazlatok","status":"publish","type":"page","link":"https:\/\/translangedu.hu\/en\/forrasok-2\/oravazlatok\/","title":{"rendered":"Lesson Plans"},"content":{"rendered":"<p><a href=\"http:\/\/translangedu.hu\/wp-content\/uploads\/2017\/10\/erk\u00f6lcstan_\u00f3raterv_1_oszt\u00e1ly.pdf\">Lesson plan for a first grade translanguaging Ethics lesson<\/a>. Topic: Who I am? The lesson objective;\u00a0 attitudes, abilities to develop: The personality and identity of the child, raising awareness for separating themselves from other people. Preparing for translangauging practices. (In Hungarian).<\/p>\n<p><a href=\"http:\/\/translangedu.hu\/wp-content\/uploads\/2017\/10\/transzlingv\u00e1l\u00f3_\u00f3ra_5_\u00e9vf_erk\u00f6lcstan_\u00f6n\u00e9rt\u00e9kel\u00e9s_\u00f6nk\u00e9p.pdf\">Lesson plan for a fifth grade translanguaging Ethics lesson<\/a>. Topic: self-evaluation, self-image. The lesson objective;\u00a0 attitudes, abilities to develop: My place and role in Family, community, at school and in the class. Raising empathy and tolerance. Development of communication abilites and comprehension. (In Hungarian).<\/p>\n<p><a href=\"http:\/\/translangedu.hu\/wp-content\/uploads\/2017\/10\/transzlingv%C3%A1l%C3%B3_matematika_1_oszt%C3%A1ly.pdf\">Lesson plan for a first grade translanguaging Maths lesson<\/a>. Topic: consolidation of taught numbers, understanding the concept of number 4. (In Hungarian).<\/p>\n<p><a href=\"http:\/\/translangedu.hu\/wp-content\/uploads\/2017\/11\/Tulik_Zsolt_\u00f3rav\u00e1zlat.pdf\">Lesson plan for a third grade translanguaging grammar lesson<\/a>. Topic: adjective, meaning making and exercises. The lesson plan and the linked <a href=\"http:\/\/translangedu.hu\/wp-content\/uploads\/2017\/11\/Tulik_Zsolt_reflexi\u00f3.pdf\">reflection<\/a> is made by Zsolt Tulik (KRE BTK, teacher training program).<\/p>\n<p><a href=\"http:\/\/translangedu.hu\/wp-content\/uploads\/2017\/11\/\u00f3raterv_cig\u00e1ny_mes\u00e9k_hetedik_oszt\u00e1ly.pdf\">Lesson Plan for seventh grade translanguaging Literature lesson<\/a>. Topic: Roma tales.\u00a0 The lesson plan and the linked\u00a0 <a href=\"http:\/\/translangedu.hu\/wp-content\/uploads\/2017\/11\/Krih\u00f3_Nat\u00e1lia_reflexi\u00f3.pdf\">reflection <\/a>is made by Nat\u00e1lia Krih\u00f3 Nat\u00e1lia (KRE BTK, teacher training program).<\/p>\n<p><a href=\"http:\/\/translangedu.hu\/wp-content\/uploads\/2017\/11\/Szamocseta_Lilla_\u00f3raterv.pdf\">Lesson Plan for a fourth grade translanguaging Literature lesson<\/a>. Topic: characteristics of Roma folktales, reading and analyzing of the folktale <em>Two brothers and the dragon<\/em>. The lesson plan, the linked\u00a0 <a href=\"http:\/\/translangedu.hu\/wp-content\/uploads\/2017\/11\/Szamocseta_Lilla_reflexi\u00f3.pdf\">reflection<\/a>,\u00a0 <a href=\"http:\/\/translangedu.hu\/wp-content\/uploads\/2017\/11\/Szamocseta_Lilla_olvasm\u00e1ny.pdf\">the preparation of the text for the lesson<\/a> and the <a href=\"http:\/\/translangedu.hu\/wp-content\/uploads\/2017\/11\/Szamocseta_Lilla_feladatlap.pdf\">test<\/a> is made by Lilla Szamocseta\u00a0 (KRE BTK, teacher training program).<\/p>\n","protected":false},"excerpt":{"rendered":"<p>Lesson plan for a first grade translanguaging Ethics lesson. Topic: Who I am? The lesson objective;\u00a0 attitudes, abilities to develop: The personality and identity of the child, raising awareness for separating themselves from other people. Preparing for translangauging practices. (In Hungarian). Lesson plan for a fifth grade translanguaging Ethics lesson. Topic: self-evaluation, self-image. The lesson &hellip; <\/p>\n<p class=\"link-more\"><a href=\"https:\/\/translangedu.hu\/en\/forrasok-2\/oravazlatok\/\" class=\"more-link\">Continue reading<span class=\"screen-reader-text\"> &#8220;Lesson Plans&#8221;<\/span><\/a><\/p>\n","protected":false},"author":1,"featured_media":0,"parent":86,"menu_order":0,"comment_status":"closed","ping_status":"closed","template":"","meta":[],"translation":{"provider":"WPGlobus","version":"2.6.5","language":"en","enabled_languages":["hu","en"],"languages":{"hu":{"title":true,"content":true,"excerpt":false},"en":{"title":true,"content":true,"excerpt":false}}},"_links":{"self":[{"href":"https:\/\/translangedu.hu\/en\/wp-json\/wp\/v2\/pages\/504"}],"collection":[{"href":"https:\/\/translangedu.hu\/en\/wp-json\/wp\/v2\/pages"}],"about":[{"href":"https:\/\/translangedu.hu\/en\/wp-json\/wp\/v2\/types\/page"}],"author":[{"embeddable":true,"href":"https:\/\/translangedu.hu\/en\/wp-json\/wp\/v2\/users\/1"}],"replies":[{"embeddable":true,"href":"https:\/\/translangedu.hu\/en\/wp-json\/wp\/v2\/comments?post=504"}],"version-history":[{"count":23,"href":"https:\/\/translangedu.hu\/en\/wp-json\/wp\/v2\/pages\/504\/revisions"}],"predecessor-version":[{"id":943,"href":"https:\/\/translangedu.hu\/en\/wp-json\/wp\/v2\/pages\/504\/revisions\/943"}],"up":[{"embeddable":true,"href":"https:\/\/translangedu.hu\/en\/wp-json\/wp\/v2\/pages\/86"}],"wp:attachment":[{"href":"https:\/\/translangedu.hu\/en\/wp-json\/wp\/v2\/media?parent=504"}],"curies":[{"name":"wp","href":"https:\/\/api.w.org\/{rel}","templated":true}]}}