{"id":694,"date":"2018-07-10T16:23:54","date_gmt":"2018-07-10T16:23:54","guid":{"rendered":"http:\/\/translangedu.hu\/?page_id=694"},"modified":"2021-02-12T15:42:59","modified_gmt":"2021-02-12T15:42:59","slug":"jekvar-hasz","status":"publish","type":"page","link":"https:\/\/translangedu.hu\/en\/jekvar-hasz\/","title":{"rendered":"theatre project"},"content":{"rendered":"<p>Jekv\u00e1r h\u00e1sz k\u00e1j n\u00e1 h\u00e1sz&#8230;\u00a0 Once upon a time&#8230;<\/p>\n<p>Here we report about the birth of a translanguaging theatre play.<\/p>\n","protected":false},"excerpt":{"rendered":"<p>Jekv\u00e1r h\u00e1sz k\u00e1j n\u00e1 h\u00e1sz&#8230;\u00a0 Once upon a time&#8230; Here we report about the birth of a translanguaging theatre play.<\/p>\n","protected":false},"author":1,"featured_media":0,"parent":0,"menu_order":0,"comment_status":"closed","ping_status":"closed","template":"","meta":[],"translation":{"provider":"WPGlobus","version":"2.6.5","language":"en","enabled_languages":["hu","en"],"languages":{"hu":{"title":true,"content":true,"excerpt":false},"en":{"title":true,"content":true,"excerpt":false}}},"_links":{"self":[{"href":"https:\/\/translangedu.hu\/en\/wp-json\/wp\/v2\/pages\/694"}],"collection":[{"href":"https:\/\/translangedu.hu\/en\/wp-json\/wp\/v2\/pages"}],"about":[{"href":"https:\/\/translangedu.hu\/en\/wp-json\/wp\/v2\/types\/page"}],"author":[{"embeddable":true,"href":"https:\/\/translangedu.hu\/en\/wp-json\/wp\/v2\/users\/1"}],"replies":[{"embeddable":true,"href":"https:\/\/translangedu.hu\/en\/wp-json\/wp\/v2\/comments?post=694"}],"version-history":[{"count":5,"href":"https:\/\/translangedu.hu\/en\/wp-json\/wp\/v2\/pages\/694\/revisions"}],"predecessor-version":[{"id":1019,"href":"https:\/\/translangedu.hu\/en\/wp-json\/wp\/v2\/pages\/694\/revisions\/1019"}],"wp:attachment":[{"href":"https:\/\/translangedu.hu\/en\/wp-json\/wp\/v2\/media?parent=694"}],"curies":[{"name":"wp","href":"https:\/\/api.w.org\/{rel}","templated":true}]}}