{"id":863,"date":"2019-02-06T17:46:03","date_gmt":"2019-02-06T17:46:03","guid":{"rendered":"http:\/\/translangedu.hu\/?page_id=863"},"modified":"2019-02-09T20:43:36","modified_gmt":"2019-02-09T20:43:36","slug":"transzlingvalo-osztalytermi-jatekok","status":"publish","type":"page","link":"https:\/\/translangedu.hu\/en\/transzlingvalo-osztalytermi-jatekok\/","title":{"rendered":"Classroom activities with translanguaging ideas"},"content":{"rendered":"<p>Our third grade students love <a href=\"http:\/\/translangedu.hu\/wp-content\/uploads\/2019\/02\/3.a-transzlingv\u00e1l\u00f3s-j\u00e1t\u00e9k-fot\u00f3.pdf\">these <\/a>games (materials in Hungarian)&#8230;<\/p>\n","protected":false},"excerpt":{"rendered":"<p>Our third grade students love these games (materials in Hungarian)&#8230;<\/p>\n","protected":false},"author":1,"featured_media":0,"parent":0,"menu_order":0,"comment_status":"closed","ping_status":"closed","template":"","meta":[],"translation":{"provider":"WPGlobus","version":"2.6.5","language":"en","enabled_languages":["hu","en"],"languages":{"hu":{"title":true,"content":true,"excerpt":false},"en":{"title":true,"content":true,"excerpt":false}}},"_links":{"self":[{"href":"https:\/\/translangedu.hu\/en\/wp-json\/wp\/v2\/pages\/863"}],"collection":[{"href":"https:\/\/translangedu.hu\/en\/wp-json\/wp\/v2\/pages"}],"about":[{"href":"https:\/\/translangedu.hu\/en\/wp-json\/wp\/v2\/types\/page"}],"author":[{"embeddable":true,"href":"https:\/\/translangedu.hu\/en\/wp-json\/wp\/v2\/users\/1"}],"replies":[{"embeddable":true,"href":"https:\/\/translangedu.hu\/en\/wp-json\/wp\/v2\/comments?post=863"}],"version-history":[{"count":5,"href":"https:\/\/translangedu.hu\/en\/wp-json\/wp\/v2\/pages\/863\/revisions"}],"predecessor-version":[{"id":875,"href":"https:\/\/translangedu.hu\/en\/wp-json\/wp\/v2\/pages\/863\/revisions\/875"}],"wp:attachment":[{"href":"https:\/\/translangedu.hu\/en\/wp-json\/wp\/v2\/media?parent=863"}],"curies":[{"name":"wp","href":"https:\/\/api.w.org\/{rel}","templated":true}]}}