{"id":96,"date":"2017-10-20T16:54:14","date_gmt":"2017-10-20T16:54:14","guid":{"rendered":"http:\/\/translangedu.hu\/?page_id=96"},"modified":"2017-12-01T15:59:38","modified_gmt":"2017-12-01T15:59:38","slug":"kepek","status":"publish","type":"page","link":"https:\/\/translangedu.hu\/en\/forrasok-2\/kepek\/","title":{"rendered":"Pictures"},"content":{"rendered":"<figure id=\"attachment_259\" aria-describedby=\"caption-attachment-259\" style=\"width: 525px\" class=\"wp-caption alignleft\"><img loading=\"lazy\" class=\"size-large wp-image-259\" src=\"http:\/\/translangedu.hu\/wp-content\/uploads\/2017\/10\/20160204_162135-1024x614.jpg\" alt=\"\" width=\"525\" height=\"315\" srcset=\"https:\/\/translangedu.hu\/wp-content\/uploads\/2017\/10\/20160204_162135-1024x614.jpg 1024w, https:\/\/translangedu.hu\/wp-content\/uploads\/2017\/10\/20160204_162135-300x180.jpg 300w, https:\/\/translangedu.hu\/wp-content\/uploads\/2017\/10\/20160204_162135-768x461.jpg 768w, https:\/\/translangedu.hu\/wp-content\/uploads\/2017\/10\/20160204_162135-2000x1200.jpg 2000w\" sizes=\"(max-width: 525px) 100vw, 525px\" \/><figcaption id=\"caption-attachment-259\" class=\"wp-caption-text\">Sz\u00e9les utca &#8212; but be\u00e1t\u00e1 besen k\u00f3te<\/figcaption><\/figure>\n<figure id=\"attachment_264\" aria-describedby=\"caption-attachment-264\" style=\"width: 525px\" class=\"wp-caption alignleft\"><img loading=\"lazy\" class=\"size-large wp-image-264\" src=\"http:\/\/translangedu.hu\/wp-content\/uploads\/2017\/10\/20170911_130148-1024x768.jpg\" alt=\"\" width=\"525\" height=\"394\" srcset=\"https:\/\/translangedu.hu\/wp-content\/uploads\/2017\/10\/20170911_130148-1024x768.jpg 1024w, https:\/\/translangedu.hu\/wp-content\/uploads\/2017\/10\/20170911_130148-300x225.jpg 300w, https:\/\/translangedu.hu\/wp-content\/uploads\/2017\/10\/20170911_130148-768x576.jpg 768w\" sizes=\"(max-width: 525px) 100vw, 525px\" \/><figcaption id=\"caption-attachment-264\" class=\"wp-caption-text\">A Magiszter \u00c1ltal\u00e1nos Iskol\u00e1nak t\u00f6bb \u00e9p\u00fclete is van. Naj d\u00far hi.<\/figcaption><\/figure>\n<figure id=\"attachment_570\" aria-describedby=\"caption-attachment-570\" style=\"width: 525px\" class=\"wp-caption alignleft\"><img loading=\"lazy\" class=\"size-large wp-image-570\" src=\"http:\/\/translangedu.hu\/wp-content\/uploads\/2017\/10\/20171113_152248-1024x512.jpg\" alt=\"\" width=\"525\" height=\"263\" srcset=\"https:\/\/translangedu.hu\/wp-content\/uploads\/2017\/10\/20171113_152248-1024x512.jpg 1024w, https:\/\/translangedu.hu\/wp-content\/uploads\/2017\/10\/20171113_152248-300x150.jpg 300w, https:\/\/translangedu.hu\/wp-content\/uploads\/2017\/10\/20171113_152248-768x384.jpg 768w\" sizes=\"(max-width: 525px) 100vw, 525px\" \/><figcaption id=\"caption-attachment-570\" class=\"wp-caption-text\">\u00c1the tanulinen o m\u00e1j b\u00e1ro be\u00e1t\u00e1, akik hatodik, hetedik vagy nyolcadik oszt\u00e1lyba j\u00e1rnak.<\/figcaption><\/figure>\n<figure id=\"attachment_573\" aria-describedby=\"caption-attachment-573\" style=\"width: 525px\" class=\"wp-caption alignleft\"><img loading=\"lazy\" class=\"size-large wp-image-573\" src=\"http:\/\/translangedu.hu\/wp-content\/uploads\/2017\/10\/20171113_152429-1024x512.jpg\" alt=\"\" width=\"525\" height=\"263\" srcset=\"https:\/\/translangedu.hu\/wp-content\/uploads\/2017\/10\/20171113_152429-1024x512.jpg 1024w, https:\/\/translangedu.hu\/wp-content\/uploads\/2017\/10\/20171113_152429-300x150.jpg 300w, https:\/\/translangedu.hu\/wp-content\/uploads\/2017\/10\/20171113_152429-768x384.jpg 768w\" sizes=\"(max-width: 525px) 100vw, 525px\" \/><figcaption id=\"caption-attachment-573\" class=\"wp-caption-text\">I udvara<\/figcaption><\/figure>\n<figure id=\"attachment_271\" aria-describedby=\"caption-attachment-271\" style=\"width: 525px\" class=\"wp-caption alignleft\"><img loading=\"lazy\" class=\"size-large wp-image-271\" src=\"http:\/\/translangedu.hu\/wp-content\/uploads\/2017\/10\/IMG_20170527_101539-1024x768.jpg\" alt=\"\" width=\"525\" height=\"394\" srcset=\"https:\/\/translangedu.hu\/wp-content\/uploads\/2017\/10\/IMG_20170527_101539-1024x768.jpg 1024w, https:\/\/translangedu.hu\/wp-content\/uploads\/2017\/10\/IMG_20170527_101539-300x225.jpg 300w, https:\/\/translangedu.hu\/wp-content\/uploads\/2017\/10\/IMG_20170527_101539-768x576.jpg 768w\" sizes=\"(max-width: 525px) 100vw, 525px\" \/><figcaption id=\"caption-attachment-271\" class=\"wp-caption-text\">Transzlingv\u00e1l\u00f3 foglalkoz\u00e1s a Sz\u00e9les utcai tanod\u00e1ban &#8212; Cig\u00e1ny mes\u00e9k<\/figcaption><\/figure>\n<figure id=\"attachment_251\" aria-describedby=\"caption-attachment-251\" style=\"width: 525px\" class=\"wp-caption alignleft\"><img loading=\"lazy\" class=\"size-large wp-image-251\" src=\"http:\/\/translangedu.hu\/wp-content\/uploads\/2017\/10\/IMG_20170526_092247-1024x768.jpg\" alt=\"\" width=\"525\" height=\"394\" srcset=\"https:\/\/translangedu.hu\/wp-content\/uploads\/2017\/10\/IMG_20170526_092247-1024x768.jpg 1024w, https:\/\/translangedu.hu\/wp-content\/uploads\/2017\/10\/IMG_20170526_092247-300x225.jpg 300w, https:\/\/translangedu.hu\/wp-content\/uploads\/2017\/10\/IMG_20170526_092247-768x576.jpg 768w\" sizes=\"(max-width: 525px) 100vw, 525px\" \/><figcaption id=\"caption-attachment-251\" class=\"wp-caption-text\">Transzlingv\u00e1l\u00f3 foglalkoz\u00e1s az iskol\u00e1ban &#8212; a roma kultur\u00e1lis hagyom\u00e1nyokr\u00f3l az els\u0151 oszt\u00e1lyosok id\u0151sebb di\u00e1kok vezet\u00e9s\u00e9vel csoportmunk\u00e1ban tanulnak.<\/figcaption><\/figure>\n<figure id=\"attachment_265\" aria-describedby=\"caption-attachment-265\" style=\"width: 525px\" class=\"wp-caption alignleft\"><img loading=\"lazy\" class=\"size-large wp-image-265\" src=\"http:\/\/translangedu.hu\/wp-content\/uploads\/2017\/10\/20171009_080323-e1509263288959-768x1024.jpg\" alt=\"\" width=\"525\" height=\"700\" srcset=\"https:\/\/translangedu.hu\/wp-content\/uploads\/2017\/10\/20171009_080323-e1509263288959-768x1024.jpg 768w, https:\/\/translangedu.hu\/wp-content\/uploads\/2017\/10\/20171009_080323-e1509263288959-225x300.jpg 225w\" sizes=\"(max-width: 525px) 100vw, 525px\" \/><figcaption id=\"caption-attachment-265\" class=\"wp-caption-text\">\u00c1lmos de baktal\u00f3 &#8212; szavakat \u00e9s kifejez\u00e9seket gy\u0171jtenek a gyerekek azzal kapcsolatban, hogyan is \u00e9rzik magukat aznap. A romani kifejez\u00e9sek helyi nonstandard \u00edr\u00e1sm\u00f3djait k\u00f6vetj\u00fck az iskol\u00e1ban.<\/figcaption><\/figure>\n<figure id=\"attachment_99\" aria-describedby=\"caption-attachment-99\" style=\"width: 304px\" class=\"wp-caption alignleft\"><img loading=\"lazy\" class=\"size-full wp-image-99\" src=\"http:\/\/translangedu.hu\/wp-content\/uploads\/2017\/10\/22046876_372598833171782_1901670092538381106_n.jpg\" alt=\"\" width=\"304\" height=\"540\" srcset=\"https:\/\/translangedu.hu\/wp-content\/uploads\/2017\/10\/22046876_372598833171782_1901670092538381106_n.jpg 304w, https:\/\/translangedu.hu\/wp-content\/uploads\/2017\/10\/22046876_372598833171782_1901670092538381106_n-169x300.jpg 169w\" sizes=\"(max-width: 304px) 100vw, 304px\" \/><figcaption id=\"caption-attachment-99\" class=\"wp-caption-text\">B\u00facsi keren (munk\u00e1t v\u00e9gezni) &#8212; a lok\u00e1lis romani \u00edr\u00e1sgyakorlat hagyom\u00e1nyai a magyar bet\u0171rendszert alkalmazz\u00e1k.<\/figcaption><\/figure>\n<figure id=\"attachment_560\" aria-describedby=\"caption-attachment-560\" style=\"width: 525px\" class=\"wp-caption alignleft\"><img loading=\"lazy\" class=\"size-large wp-image-560\" src=\"http:\/\/translangedu.hu\/wp-content\/uploads\/2017\/10\/trl2-1024x710.jpg\" alt=\"\" width=\"525\" height=\"364\" srcset=\"https:\/\/translangedu.hu\/wp-content\/uploads\/2017\/10\/trl2-1024x710.jpg 1024w, https:\/\/translangedu.hu\/wp-content\/uploads\/2017\/10\/trl2-300x208.jpg 300w, https:\/\/translangedu.hu\/wp-content\/uploads\/2017\/10\/trl2-768x533.jpg 768w\" sizes=\"(max-width: 525px) 100vw, 525px\" \/><figcaption id=\"caption-attachment-560\" class=\"wp-caption-text\">Az \u00edr\u00e1s nem egyik vagy m\u00e1sik nyelvhez k\u00f6t\u00f6tt k\u00e9szs\u00e9g. A helyes\u00edr\u00e1s k\u00f6t\u0151dik a magyar nyelvhez. Az iskol\u00e1ban mindkett\u0151t megtanulhatjuk, de fontos elv\u00e1lasztanunk a kett\u0151t egym\u00e1st\u00f3l.<\/figcaption><\/figure>\n<figure id=\"attachment_330\" aria-describedby=\"caption-attachment-330\" style=\"width: 525px\" class=\"wp-caption alignleft\"><img loading=\"lazy\" class=\"size-large wp-image-330\" src=\"http:\/\/translangedu.hu\/wp-content\/uploads\/2017\/10\/15-1024x768.jpg\" alt=\"\" width=\"525\" height=\"394\" srcset=\"https:\/\/translangedu.hu\/wp-content\/uploads\/2017\/10\/15-1024x768.jpg 1024w, https:\/\/translangedu.hu\/wp-content\/uploads\/2017\/10\/15-300x225.jpg 300w, https:\/\/translangedu.hu\/wp-content\/uploads\/2017\/10\/15-768x576.jpg 768w, https:\/\/translangedu.hu\/wp-content\/uploads\/2017\/10\/15.jpg 1386w\" sizes=\"(max-width: 525px) 100vw, 525px\" \/><figcaption id=\"caption-attachment-330\" class=\"wp-caption-text\">Pog\u00e1cs\u00e1 k\u00e9sz\u00fcl a transzlingv\u00e1l\u00f3 foglalkoz\u00e1son. M\u00e1shol vakar\u00f3nak vagy cig\u00e1nykeny\u00e9rnek h\u00edvj\u00e1k, Vasv\u00e1riban pog\u00e1cs\u00e1 a neve &#8212; a tanulm\u00e1nyok kultur\u00e1lis relevanci\u00e1ja a transzlingv\u00e1l\u00f3 m\u00f3dszertan fontos jellemz\u0151je<\/figcaption><\/figure>\n<figure id=\"attachment_319\" aria-describedby=\"caption-attachment-319\" style=\"width: 525px\" class=\"wp-caption alignleft\"><img loading=\"lazy\" class=\"size-large wp-image-319\" src=\"http:\/\/translangedu.hu\/wp-content\/uploads\/2017\/10\/4-1024x768.jpg\" alt=\"\" width=\"525\" height=\"394\" srcset=\"https:\/\/translangedu.hu\/wp-content\/uploads\/2017\/10\/4-1024x768.jpg 1024w, https:\/\/translangedu.hu\/wp-content\/uploads\/2017\/10\/4-300x225.jpg 300w, https:\/\/translangedu.hu\/wp-content\/uploads\/2017\/10\/4-768x576.jpg 768w, https:\/\/translangedu.hu\/wp-content\/uploads\/2017\/10\/4.jpg 1386w\" sizes=\"(max-width: 525px) 100vw, 525px\" \/><figcaption id=\"caption-attachment-319\" class=\"wp-caption-text\">Muri daj hi andi iskola &#8212; A sz\u00fcl\u0151k bevon\u00e1sa a tanul\u00e1si folyamatokba motiv\u00e1l\u00f3an hat mindenkire<\/figcaption><\/figure>\n<figure id=\"attachment_328\" aria-describedby=\"caption-attachment-328\" style=\"width: 525px\" class=\"wp-caption alignleft\"><img loading=\"lazy\" class=\"size-large wp-image-328\" src=\"http:\/\/translangedu.hu\/wp-content\/uploads\/2017\/10\/13-1024x768.jpg\" alt=\"\" width=\"525\" height=\"394\" srcset=\"https:\/\/translangedu.hu\/wp-content\/uploads\/2017\/10\/13-1024x768.jpg 1024w, https:\/\/translangedu.hu\/wp-content\/uploads\/2017\/10\/13-300x225.jpg 300w, https:\/\/translangedu.hu\/wp-content\/uploads\/2017\/10\/13-768x576.jpg 768w, https:\/\/translangedu.hu\/wp-content\/uploads\/2017\/10\/13.jpg 1386w\" sizes=\"(max-width: 525px) 100vw, 525px\" \/><figcaption id=\"caption-attachment-328\" class=\"wp-caption-text\">O be\u00e1t\u00e1 khelen &#8212; m\u00e9g a legkisebbek is sz\u00edvesen megmutatj\u00e1k, hogyan t\u00e1ncol egy piko roma raklyo am\u00fagy pacekosan.<\/figcaption><\/figure>\n<figure id=\"attachment_310\" aria-describedby=\"caption-attachment-310\" style=\"width: 525px\" class=\"wp-caption alignleft\"><img loading=\"lazy\" class=\"size-large wp-image-310\" src=\"http:\/\/translangedu.hu\/wp-content\/uploads\/2017\/10\/mulats\u00e1gi_1_oszt\u00e1ly-1024x576.jpg\" alt=\"\" width=\"525\" height=\"295\" srcset=\"https:\/\/translangedu.hu\/wp-content\/uploads\/2017\/10\/mulats\u00e1gi_1_oszt\u00e1ly-1024x576.jpg 1024w, https:\/\/translangedu.hu\/wp-content\/uploads\/2017\/10\/mulats\u00e1gi_1_oszt\u00e1ly-300x169.jpg 300w, https:\/\/translangedu.hu\/wp-content\/uploads\/2017\/10\/mulats\u00e1gi_1_oszt\u00e1ly-768x432.jpg 768w, https:\/\/translangedu.hu\/wp-content\/uploads\/2017\/10\/mulats\u00e1gi_1_oszt\u00e1ly.jpg 1386w\" sizes=\"(max-width: 525px) 100vw, 525px\" \/><figcaption id=\"caption-attachment-310\" class=\"wp-caption-text\">Egy piko mulaccs\u00e1gi a transzlingv\u00e1l\u00f3 \u00f3r\u00e1n<\/figcaption><\/figure>\n<figure id=\"attachment_320\" aria-describedby=\"caption-attachment-320\" style=\"width: 525px\" class=\"wp-caption alignleft\"><img loading=\"lazy\" class=\"size-large wp-image-320\" src=\"http:\/\/translangedu.hu\/wp-content\/uploads\/2017\/10\/5-1024x768.jpg\" alt=\"\" width=\"525\" height=\"394\" srcset=\"https:\/\/translangedu.hu\/wp-content\/uploads\/2017\/10\/5-1024x768.jpg 1024w, https:\/\/translangedu.hu\/wp-content\/uploads\/2017\/10\/5-300x225.jpg 300w, https:\/\/translangedu.hu\/wp-content\/uploads\/2017\/10\/5-768x576.jpg 768w, https:\/\/translangedu.hu\/wp-content\/uploads\/2017\/10\/5.jpg 1386w\" sizes=\"(max-width: 525px) 100vw, 525px\" \/><figcaption id=\"caption-attachment-320\" class=\"wp-caption-text\">O be\u00e1t\u00e1 bucsi keren a transzlingv\u00e1l\u00f3 \u00f3r\u00e1n.<\/figcaption><\/figure>\n<figure id=\"attachment_333\" aria-describedby=\"caption-attachment-333\" style=\"width: 525px\" class=\"wp-caption alignleft\"><img loading=\"lazy\" class=\"size-large wp-image-333\" src=\"http:\/\/translangedu.hu\/wp-content\/uploads\/2017\/10\/18-1024x768.jpg\" alt=\"\" width=\"525\" height=\"394\" srcset=\"https:\/\/translangedu.hu\/wp-content\/uploads\/2017\/10\/18-1024x768.jpg 1024w, https:\/\/translangedu.hu\/wp-content\/uploads\/2017\/10\/18-300x225.jpg 300w, https:\/\/translangedu.hu\/wp-content\/uploads\/2017\/10\/18-768x576.jpg 768w, https:\/\/translangedu.hu\/wp-content\/uploads\/2017\/10\/18.jpg 1386w\" sizes=\"(max-width: 525px) 100vw, 525px\" \/><figcaption id=\"caption-attachment-333\" class=\"wp-caption-text\">A torna ut\u00e1n k\u00f6nnyebb figyelni.<\/figcaption><\/figure>\n<figure id=\"attachment_324\" aria-describedby=\"caption-attachment-324\" style=\"width: 525px\" class=\"wp-caption alignleft\"><img loading=\"lazy\" class=\"size-large wp-image-324\" src=\"http:\/\/translangedu.hu\/wp-content\/uploads\/2017\/10\/9-1024x768.jpg\" alt=\"\" width=\"525\" height=\"394\" srcset=\"https:\/\/translangedu.hu\/wp-content\/uploads\/2017\/10\/9-1024x768.jpg 1024w, https:\/\/translangedu.hu\/wp-content\/uploads\/2017\/10\/9-300x225.jpg 300w, https:\/\/translangedu.hu\/wp-content\/uploads\/2017\/10\/9-768x576.jpg 768w, https:\/\/translangedu.hu\/wp-content\/uploads\/2017\/10\/9.jpg 1386w\" sizes=\"(max-width: 525px) 100vw, 525px\" \/><figcaption id=\"caption-attachment-324\" class=\"wp-caption-text\">O be\u00e1to jekh krajaszkinya rajzolingya.<\/figcaption><\/figure>\n<figure id=\"attachment_258\" aria-describedby=\"caption-attachment-258\" style=\"width: 525px\" class=\"wp-caption alignleft\"><img loading=\"lazy\" class=\"size-large wp-image-258\" src=\"http:\/\/translangedu.hu\/wp-content\/uploads\/2017\/10\/20160204_092645-1024x614.jpg\" alt=\"\" width=\"525\" height=\"315\" srcset=\"https:\/\/translangedu.hu\/wp-content\/uploads\/2017\/10\/20160204_092645-1024x614.jpg 1024w, https:\/\/translangedu.hu\/wp-content\/uploads\/2017\/10\/20160204_092645-300x180.jpg 300w, https:\/\/translangedu.hu\/wp-content\/uploads\/2017\/10\/20160204_092645-768x461.jpg 768w, https:\/\/translangedu.hu\/wp-content\/uploads\/2017\/10\/20160204_092645-2000x1200.jpg 2000w\" sizes=\"(max-width: 525px) 100vw, 525px\" \/><figcaption id=\"caption-attachment-258\" class=\"wp-caption-text\">Tan\u00f3ra az iskol\u00e1ban<\/figcaption><\/figure>\n<figure id=\"attachment_561\" aria-describedby=\"caption-attachment-561\" style=\"width: 525px\" class=\"wp-caption alignleft\"><img loading=\"lazy\" class=\"size-large wp-image-561\" src=\"http:\/\/translangedu.hu\/wp-content\/uploads\/2017\/10\/trl31-1024x649.jpg\" alt=\"\" width=\"525\" height=\"333\" srcset=\"https:\/\/translangedu.hu\/wp-content\/uploads\/2017\/10\/trl31-1024x649.jpg 1024w, https:\/\/translangedu.hu\/wp-content\/uploads\/2017\/10\/trl31-300x190.jpg 300w, https:\/\/translangedu.hu\/wp-content\/uploads\/2017\/10\/trl31-768x487.jpg 768w\" sizes=\"(max-width: 525px) 100vw, 525px\" \/><figcaption id=\"caption-attachment-561\" class=\"wp-caption-text\">O be\u00e1t\u00e1 <a href=\"https:\/\/www.youtube.com\/watch?v=Z6IZld4DOMU\">Doja <\/a>rajzolinen.<\/figcaption><\/figure>\n","protected":false},"excerpt":{"rendered":"","protected":false},"author":1,"featured_media":0,"parent":86,"menu_order":0,"comment_status":"closed","ping_status":"closed","template":"","meta":[],"translation":{"provider":"WPGlobus","version":"2.6.5","language":"en","enabled_languages":["hu","en"],"languages":{"hu":{"title":true,"content":true,"excerpt":false},"en":{"title":true,"content":false,"excerpt":false}}},"_links":{"self":[{"href":"https:\/\/translangedu.hu\/en\/wp-json\/wp\/v2\/pages\/96"}],"collection":[{"href":"https:\/\/translangedu.hu\/en\/wp-json\/wp\/v2\/pages"}],"about":[{"href":"https:\/\/translangedu.hu\/en\/wp-json\/wp\/v2\/types\/page"}],"author":[{"embeddable":true,"href":"https:\/\/translangedu.hu\/en\/wp-json\/wp\/v2\/users\/1"}],"replies":[{"embeddable":true,"href":"https:\/\/translangedu.hu\/en\/wp-json\/wp\/v2\/comments?post=96"}],"version-history":[{"count":16,"href":"https:\/\/translangedu.hu\/en\/wp-json\/wp\/v2\/pages\/96\/revisions"}],"predecessor-version":[{"id":576,"href":"https:\/\/translangedu.hu\/en\/wp-json\/wp\/v2\/pages\/96\/revisions\/576"}],"up":[{"embeddable":true,"href":"https:\/\/translangedu.hu\/en\/wp-json\/wp\/v2\/pages\/86"}],"wp:attachment":[{"href":"https:\/\/translangedu.hu\/en\/wp-json\/wp\/v2\/media?parent=96"}],"curies":[{"name":"wp","href":"https:\/\/api.w.org\/{rel}","templated":true}]}}